{"id":19,"date":"2024-06-24T22:52:17","date_gmt":"2024-06-24T20:52:17","guid":{"rendered":"https:\/\/oekologisches-kinderhaus.de\/?page_id=19"},"modified":"2024-06-25T12:33:19","modified_gmt":"2024-06-25T10:33:19","slug":"das-oekologische-kinderhaus-teaser","status":"publish","type":"page","link":"https:\/\/oekologisches-kinderhaus.de\/","title":{"rendered":"Das \u00d6kologische Kinderhaus &#8211; Teaser"},"content":{"rendered":"<p>[et_pb_section fb_built=&#8220;1&#8243; _builder_version=&#8220;4.25.2&#8243; _module_preset=&#8220;default&#8220; background_image=&#8220;https:\/\/oekologisches-kinderhaus.de\/wp-content\/uploads\/2024\/06\/PXL_20220310_065949406-scaled-e1647436817712.jpg&#8220; global_colors_info=&#8220;{}&#8220;][et_pb_row column_structure=&#8220;1_2,1_2&#8243; _builder_version=&#8220;4.25.2&#8243; _module_preset=&#8220;default&#8220; global_colors_info=&#8220;{}&#8220;][et_pb_column type=&#8220;1_2&#8243; _builder_version=&#8220;4.25.2&#8243; _module_preset=&#8220;default&#8220; global_colors_info=&#8220;{}&#8220;][\/et_pb_column][et_pb_column type=&#8220;1_2&#8243; _builder_version=&#8220;4.25.2&#8243; _module_preset=&#8220;default&#8220; background_color=&#8220;rgba(255,255,255,0.76)&#8220; custom_padding=&#8220;25px|25px|25px|25px|false|false&#8220; global_colors_info=&#8220;{}&#8220;][et_pb_icon font_icon=&#8220;&#xf0ad;||fa||900&#8243; icon_color=&#8220;#7CDA24&#8243; _builder_version=&#8220;4.25.2&#8243; _module_preset=&#8220;default&#8220; global_colors_info=&#8220;{}&#8220;][\/et_pb_icon][et_pb_text _builder_version=&#8220;4.25.2&#8243; _module_preset=&#8220;default&#8220; global_colors_info=&#8220;{}&#8220;]<\/p>\n<p style=\"text-align: center;\"><strong>Diese Website wird aktuell \u00fcberarbeitet.<\/strong><\/p>\n<div id=\"gtx-trans\" style=\"position: absolute; left: 76px; top: 86px;\">\n<div class=\"gtx-trans-icon\"><\/div>\n<\/div>\n<p>[\/et_pb_text][et_pb_text _builder_version=&#8220;4.25.2&#8243; _module_preset=&#8220;default&#8220; hover_enabled=&#8220;0&#8243; global_colors_info=&#8220;{}&#8220; sticky_enabled=&#8220;0&#8243;]<\/p>\n<p style=\"text-align: center;\"><strong>Unsere alte Website finden Sie <a href=\"http:\/\/www.oekologisches-kinderhaus.de\/backup2\" target=\"_blank\" rel=\"noopener\">hier.<\/a><\/strong><\/p>\n<div id=\"gtx-trans\" style=\"position: absolute; left: 76px; top: 86px;\">\n<div class=\"gtx-trans-icon\"><\/div>\n<\/div>\n<p>[\/et_pb_text][et_pb_text _builder_version=&#8220;4.25.2&#8243; _module_preset=&#8220;default&#8220; global_colors_info=&#8220;{}&#8220;]<\/p>\n<h2>\u00d6kologisches Kinderhaus<\/h2>\n<p class=\"body\">Leitung: \u00a0\u00a0David Franke<br \/>Meu\u00dflitzer Stra\u00dfe 41<br \/>D-01259 Dresden<br \/>Tel.: 03 51\/ 20 13 013<br \/><a href=\"mailto:kita-meusslitzer-strasse-41@dresden.de\">kita-meusslitzer-strasse-41@dresden.de<\/a><\/p>\n<p>[\/et_pb_text][et_pb_text _builder_version=&#8220;4.25.2&#8243; _module_preset=&#8220;default&#8220; global_colors_info=&#8220;{}&#8220;]<\/p>\n<h2>Hausf\u00fchrungen<\/h2>\n<p class=\"body\">Ab August 2024 k\u00f6nnen Sie das \u00d6kologische Kinderhaus jeden ersten Donnerstag im Monat besichtigen. \u00dcber eine telefonische Voranmeldung w\u00e4ren wir dankbar.<\/p>\n<p>[\/et_pb_text][\/et_pb_column][\/et_pb_row][\/et_pb_section]<\/p>\n","protected":false},"excerpt":{"rendered":"<p>Diese Website wird aktuell \u00fcberarbeitet. Unsere alte Website finden Sie hier. \u00d6kologisches Kinderhaus Leitung: \u00a0\u00a0David FrankeMeu\u00dflitzer Stra\u00dfe 41D-01259 DresdenTel.: 03 51\/ 20 13 013kita-meusslitzer-strasse-41@dresden.deHausf\u00fchrungen Ab August 2024 k\u00f6nnen Sie das \u00d6kologische Kinderhaus jeden ersten Donnerstag im Monat besichtigen. \u00dcber eine telefonische Voranmeldung w\u00e4ren wir dankbar.<\/p>\n","protected":false},"author":1,"featured_media":0,"parent":0,"menu_order":0,"comment_status":"closed","ping_status":"closed","template":"page-template-blank.php","meta":{"_et_pb_use_builder":"on","_et_pb_old_content":"","_et_gb_content_width":"","footnotes":""},"dipi_cpt_category":[],"class_list":["post-19","page","type-page","status-publish","hentry"],"_links":{"self":[{"href":"https:\/\/oekologisches-kinderhaus.de\/index.php?rest_route=\/wp\/v2\/pages\/19","targetHints":{"allow":["GET"]}}],"collection":[{"href":"https:\/\/oekologisches-kinderhaus.de\/index.php?rest_route=\/wp\/v2\/pages"}],"about":[{"href":"https:\/\/oekologisches-kinderhaus.de\/index.php?rest_route=\/wp\/v2\/types\/page"}],"author":[{"embeddable":true,"href":"https:\/\/oekologisches-kinderhaus.de\/index.php?rest_route=\/wp\/v2\/users\/1"}],"replies":[{"embeddable":true,"href":"https:\/\/oekologisches-kinderhaus.de\/index.php?rest_route=%2Fwp%2Fv2%2Fcomments&post=19"}],"version-history":[{"count":4,"href":"https:\/\/oekologisches-kinderhaus.de\/index.php?rest_route=\/wp\/v2\/pages\/19\/revisions"}],"predecessor-version":[{"id":25840250,"href":"https:\/\/oekologisches-kinderhaus.de\/index.php?rest_route=\/wp\/v2\/pages\/19\/revisions\/25840250"}],"wp:attachment":[{"href":"https:\/\/oekologisches-kinderhaus.de\/index.php?rest_route=%2Fwp%2Fv2%2Fmedia&parent=19"}],"wp:term":[{"taxonomy":"dipi_cpt_category","embeddable":true,"href":"https:\/\/oekologisches-kinderhaus.de\/index.php?rest_route=%2Fwp%2Fv2%2Fdipi_cpt_category&post=19"}],"curies":[{"name":"wp","href":"https:\/\/api.w.org\/{rel}","templated":true}]}}